{"id":8692,"date":"2019-11-21T17:13:38","date_gmt":"2019-11-21T17:13:38","guid":{"rendered":"http:\/\/oanoempalavras.pt\/?page_id=8692"},"modified":"2023-09-28T14:50:17","modified_gmt":"2023-09-28T14:50:17","slug":"o-ano-em-palavras-2019","status":"publish","type":"page","link":"https:\/\/oanoempalavras.pt\/2019\/","title":{"rendered":"O Ano em Palavras (2019)"},"content":{"rendered":"<div class=\"wpb-content-wrapper\"><p>[vc_row full_width=&#8221;stretch_row_content_no_spaces&#8221; full_height=&#8221;yes&#8221; columns_placement=&#8221;bottom&#8221; parallax=&#8221;content-moving-fade&#8221; parallax_image=&#8221;8818&#8243;][vc_column width=&#8221;1\/6&#8243; desctop_mb=&#8221;margin-lg-0b&#8221; desctop_md_mb=&#8221;margin-md-0b&#8221; css=&#8221;.vc_custom_1544793768107{margin-right: 20% !important;margin-bottom: 18% !important;margin-left: 20% !important;}&#8221;][\/vc_column][vc_column width=&#8221;3\/6&#8243;][vc_empty_space height=&#8221;50px&#8221;][vc_column_text css=&#8221;.vc_custom_1576232549151{margin-top: 0px !important;margin-bottom: 10px !important;padding-top: 0px !important;padding-bottom: 0px !important;}&#8221;]<\/p>\n<p style=\"width: 47px; padding: 0 5px; font: 700 13pt\/1.4 'Roboto Condensed', Helvetica, Arial, sans-serif !important; letter-spacing: 0.03em !important; text-transform: uppercase; color: #000000; background-color: hsl(0, 0%, 95%);\">2019<\/p>\n<p>[\/vc_column_text][vc_custom_heading text=&#8221;O ANO EM PALAVRAS&#8221; font_container=&#8221;tag:p|font_size:45pt|text_align:left|line_height:1&#8243; google_fonts=&#8221;font_family:Roboto%20Condensed%3A300%2C300italic%2Cregular%2Citalic%2C700%2C700italic|font_style:700%20bold%20regular%3A700%3Anormal&#8221; css_animation=&#8221;fadeIn&#8221; el_id=&#8221;aep-title&#8221; css=&#8221;.vc_custom_1576232522164{margin-top: 0px !important;margin-bottom: 0px !important;padding-top: 0px !important;padding-bottom: 0px !important;}&#8221;][vc_empty_space height=&#8221;20px&#8221;][vc_custom_heading text=&#8221;O Ano em Palavras mostra algumas das palavras mais pesquisadas ao longo do ano no Dicion\u00e1rio Priberam da L\u00edngua Portuguesa, associadas a acontecimentos nacionais e internacionais que se destacaram a n\u00edvel pol\u00edtico, econ\u00f3mico, cultural ou social.&#8221; font_container=&#8221;tag:p|font_size:11.5pt|text_align:left|line_height:1.4&#8243; google_fonts=&#8221;font_family:Roboto%3A100%2C100italic%2C300%2C300italic%2Cregular%2Citalic%2C500%2C500italic%2C700%2C700italic%2C900%2C900italic|font_style:300%20light%20regular%3A300%3Anormal&#8221; css_animation=&#8221;fadeIn&#8221; css=&#8221;.vc_custom_1576232636296{margin-top: 0px !important;margin-bottom: 0px !important;padding-top: 0px !important;padding-bottom: 15px !important;}&#8221; el_class=&#8221;aep-text&#8221;][vc_custom_heading text=&#8221;Pelo terceiro ano consecutivo, a parceria com a ag\u00eancia Lusa permite ilustrar cada palavra com uma not\u00edcia e uma fotografia, fazendo assim um retrato r\u00e1pido do ano de 2019.&#8221; font_container=&#8221;tag:p|font_size:11.5pt|text_align:left|line_height:1.4&#8243; google_fonts=&#8221;font_family:Roboto%3A100%2C100italic%2C300%2C300italic%2Cregular%2Citalic%2C500%2C500italic%2C700%2C700italic%2C900%2C900italic|font_style:300%20light%20regular%3A300%3Anormal&#8221; css_animation=&#8221;fadeIn&#8221; css=&#8221;.vc_custom_1576232768886{margin-top: 0px !important;margin-bottom: 0px !important;padding-top: 0px !important;padding-bottom: 15px !important;}&#8221; el_class=&#8221;aep-text&#8221;][vc_custom_heading text=&#8221;As palavras s\u00e3o apresentadas cronologicamente, de janeiro a dezembro, duas por cada m\u00eas.&#8221; font_container=&#8221;tag:p|font_size:11.5pt|text_align:left|line_height:1.4&#8243; google_fonts=&#8221;font_family:Roboto%3A100%2C100italic%2C300%2C300italic%2Cregular%2Citalic%2C500%2C500italic%2C700%2C700italic%2C900%2C900italic|font_style:300%20light%20regular%3A300%3Anormal&#8221; css_animation=&#8221;fadeIn&#8221; css=&#8221;.vc_custom_1576232906621{margin-top: 0px !important;margin-bottom: 0px !important;padding-top: 0px !important;padding-bottom: 15px !important;}&#8221; el_class=&#8221;aep-text&#8221;][vc_empty_space height=&#8221;50px&#8221;][vc_raw_html el_class=&#8221;aep-scroll&#8221; css=&#8221;.vc_custom_1695912575245{margin-top: 30px !important;}&#8221;]JTNDY2VudGVyJTNFJTNDaW1nJTIwc3JjJTNEJTIyaHR0cHMlM0ElMkYlMkZvYW5vZW1wYWxhdnJhcy5wdCUyRjIwMTklMkZ3cC1jb250ZW50JTJGdXBsb2FkcyUyRjIwMTglMkYxMiUyRnNjcm9sbC1kb3duLmdpZiUyMiUyMHdpZHRoJTNEJTIyODAlMjIlMjBoZWlnaHQlMjI4MCUyMiUzRSUzQyUyRmNlbnRlciUzRQ==[\/vc_raw_html][\/vc_column][vc_column width=&#8221;1\/6&#8243;][\/vc_column][vc_column width=&#8221;1\/6&#8243;][\/vc_column][\/vc_row][vc_row full_width=&#8221;stretch_row_content_no_spaces&#8221; desctop_mt=&#8221;margin-lg-0t&#8221; desctop_mb=&#8221;margin-lg-0b&#8221; desctop_md_mt=&#8221;margin-md-0t&#8221; desctop_md_mb=&#8221;margin-md-0b&#8221; el_id=&#8221;aep2019&#8243;][vc_column desctop_mt=&#8221;margin-lg-0t&#8221; desctop_mb=&#8221;margin-lg-0b&#8221; desctop_md_mt=&#8221;margin-md-0t&#8221; desctop_md_mb=&#8221;margin-md-0b&#8221; desctop_lg_pt=&#8221;padding-lg-0t&#8221; desctop_lg_pb=&#8221;padding-lg-0b&#8221; desctop_pt=&#8221;padding-md-0t&#8221; desctop_pb=&#8221;padding-md-0b&#8221;][phoxy_portfolio_list style=&#8221;parallax_showcase&#8221; cats=&#8221;palavras-2019&#8243; orderby=&#8221;date&#8221; order=&#8221;ASC&#8221; linked=&#8221;none&#8221; btn_style=&#8221;a-btn-2&#8243; count=&#8221;28&#8243;][vc_single_image image=&#8221;8819&#8243; img_size=&#8221;full&#8221; alignment=&#8221;center&#8221; el_id=&#8221;aep-footer&#8221; css=&#8221;.vc_custom_1576233137504{margin-top: 0px !important;margin-bottom: 0px !important;padding-top: 0px !important;padding-bottom: 0px !important;}&#8221;][\/vc_column][\/vc_row][vc_row full_width=&#8221;stretch_row_content_no_spaces&#8221; parallax=&#8221;content-moving&#8221; desctop_mt=&#8221;margin-lg-0t&#8221; desctop_mb=&#8221;margin-lg-0b&#8221; desctop_md_mt=&#8221;margin-md-0t&#8221; desctop_md_mb=&#8221;margin-md-0b&#8221; el_class=&#8221;aep-footer-cr&#8221; css=&#8221;.vc_custom_1576233203965{margin-top: 0px !important;margin-bottom: 0px !important;padding-top: 0px !important;padding-bottom: 0px !important;background-color: #000000 !important;}&#8221;][vc_column desctop_mb=&#8221;margin-lg-0b&#8221; desctop_md_mb=&#8221;margin-md-0b&#8221; css=&#8221;.vc_custom_1576233228143{margin-top: 0px !important;margin-bottom: 0px !important;padding-top: 0px !important;padding-bottom: 0px !important;}&#8221;][vc_column_text el_class=&#8221;aep-footer-cr&#8221; css=&#8221;.vc_custom_1576525680791{padding-top: 5px !important;padding-bottom: 5px !important;background-color: #000000 !important;}&#8221;]<\/p>\n<p style=\"text-align: center; font-size: 8pt; font-family: Roboto, Helvetica, Arial, sans-serif; font-weight: 300; color: #ffffff;\">\u00a9 Copyright 2018-2019, Priberam Inform\u00e1tica, S.A. e Lusa \u2013 Ag\u00eancia de not\u00edcias de Portugal, S.A.<\/p>\n<p>[\/vc_column_text][\/vc_column][\/vc_row]<\/p>\n<\/div>","protected":false},"excerpt":{"rendered":"<p>[vc_row full_width=&#8221;stretch_row_content_no_spaces&#8221; full_height=&#8221;yes&#8221; columns_placement=&#8221;bottom&#8221; parallax=&#8221;content-moving-fade&#8221; parallax_image=&#8221;8818&#8243;][vc_column width=&#8221;1\/6&#8243; desctop_mb=&#8221;margin-lg-0b&#8221; desctop_md_mb=&#8221;margin-md-0b&#8221; css=&#8221;.vc_custom_1544793768107{margin-right: 20% !important;margin-bottom: 18% !important;margin-left: 20% !important;}&#8221;][\/vc_column][vc_column width=&#8221;3\/6&#8243;][vc_empty_space height=&#8221;50px&#8221;][vc_column_text css=&#8221;.vc_custom_1576232549151{margin-top: 0px !important;margin-bottom: 10px !important;padding-top: 0px !important;padding-bottom: 0px !important;}&#8221;] 2019 [\/vc_column_text][vc_custom_heading text=&#8221;O ANO EM PALAVRAS&#8221; font_container=&#8221;tag:p|font_size:45pt|text_align:left|line_height:1&#8243; google_fonts=&#8221;font_family:Roboto%20Condensed%3A300%2C300italic%2Cregular%2Citalic%2C700%2C700italic|font_style:700%20bold%20regular%3A700%3Anormal&#8221; css_animation=&#8221;fadeIn&#8221; el_id=&#8221;aep-title&#8221; css=&#8221;.vc_custom_1576232522164{margin-top: 0px !important;margin-bottom: 0px !important;padding-top: 0px !important;padding-bottom: 0px !important;}&#8221;][vc_empty_space height=&#8221;20px&#8221;][vc_custom_heading text=&#8221;O Ano em Palavras mostra algumas das palavras &#8230;<\/p>\n","protected":false},"author":1,"featured_media":0,"parent":0,"menu_order":0,"comment_status":"closed","ping_status":"closed","template":"","meta":{"footnotes":""},"class_list":["post-8692","page","type-page","status-publish","format-standard","hentry"],"_links":{"self":[{"href":"https:\/\/oanoempalavras.pt\/2019\/wp-json\/wp\/v2\/pages\/8692","targetHints":{"allow":["GET"]}}],"collection":[{"href":"https:\/\/oanoempalavras.pt\/2019\/wp-json\/wp\/v2\/pages"}],"about":[{"href":"https:\/\/oanoempalavras.pt\/2019\/wp-json\/wp\/v2\/types\/page"}],"author":[{"embeddable":true,"href":"https:\/\/oanoempalavras.pt\/2019\/wp-json\/wp\/v2\/users\/1"}],"replies":[{"embeddable":true,"href":"https:\/\/oanoempalavras.pt\/2019\/wp-json\/wp\/v2\/comments?post=8692"}],"version-history":[{"count":13,"href":"https:\/\/oanoempalavras.pt\/2019\/wp-json\/wp\/v2\/pages\/8692\/revisions"}],"predecessor-version":[{"id":8920,"href":"https:\/\/oanoempalavras.pt\/2019\/wp-json\/wp\/v2\/pages\/8692\/revisions\/8920"}],"wp:attachment":[{"href":"https:\/\/oanoempalavras.pt\/2019\/wp-json\/wp\/v2\/media?parent=8692"}],"curies":[{"name":"wp","href":"https:\/\/api.w.org\/{rel}","templated":true}]}}